{"id":242,"date":"2025-07-12T00:17:46","date_gmt":"2025-07-11T22:17:46","guid":{"rendered":"http:\/\/duo-beham-goldstein.de\/?page_id=242"},"modified":"2025-07-12T10:11:45","modified_gmt":"2025-07-12T08:11:45","slug":"impressum","status":"publish","type":"page","link":"https:\/\/www.duo-beham-goldstein.de\/en\/impressum\/","title":{"rendered":"Imprint"},"content":{"rendered":"<div data-elementor-type=\"wp-page\" data-elementor-id=\"242\" class=\"elementor elementor-242\" data-elementor-post-type=\"page\">\n\t\t\t\t<div class=\"elementor-element elementor-element-60a29a7 e-flex e-con-boxed e-con e-parent\" data-id=\"60a29a7\" data-element_type=\"container\" data-settings=\"{&quot;background_background&quot;:&quot;classic&quot;,&quot;shape_divider_bottom&quot;:&quot;tilt&quot;,&quot;shape_divider_top&quot;:&quot;tilt&quot;}\">\n\t\t\t\t\t<div class=\"e-con-inner\">\n\t\t\t\t<div class=\"elementor-shape elementor-shape-top\" aria-hidden=\"true\" data-negative=\"false\">\n\t\t\t<svg xmlns=\"http:\/\/www.w3.org\/2000\/svg\" viewbox=\"0 0 1000 100\" preserveaspectratio=\"none\">\n\t<path class=\"elementor-shape-fill\" d=\"M0,6V0h1000v100L0,6z\"\/>\n<\/svg>\t\t<\/div>\n\t\t\t\t<div class=\"elementor-shape elementor-shape-bottom\" aria-hidden=\"true\" data-negative=\"false\">\n\t\t\t<svg xmlns=\"http:\/\/www.w3.org\/2000\/svg\" viewbox=\"0 0 1000 100\" preserveaspectratio=\"none\">\n\t<path class=\"elementor-shape-fill\" d=\"M0,6V0h1000v100L0,6z\"\/>\n<\/svg>\t\t<\/div>\n\t\t\t\t<div class=\"elementor-element elementor-element-260ca8a elementor-widget elementor-widget-heading\" data-id=\"260ca8a\" data-element_type=\"widget\" data-widget_type=\"heading.default\">\n\t\t\t\t\t<h1 class=\"elementor-heading-title elementor-size-default\">Imprint<\/h1>\t\t\t\t<\/div>\n\t\t\t\t\t<\/div>\n\t\t\t\t<\/div>\n\t\t<div class=\"elementor-element elementor-element-fad4390 e-flex e-con-boxed e-con e-parent\" data-id=\"fad4390\" data-element_type=\"container\" data-settings=\"{&quot;shape_divider_bottom&quot;:&quot;tilt&quot;}\">\n\t\t\t\t\t<div class=\"e-con-inner\">\n\t\t\t\t<div class=\"elementor-shape elementor-shape-bottom\" aria-hidden=\"true\" data-negative=\"false\">\n\t\t\t<svg xmlns=\"http:\/\/www.w3.org\/2000\/svg\" viewbox=\"0 0 1000 100\" preserveaspectratio=\"none\">\n\t<path class=\"elementor-shape-fill\" d=\"M0,6V0h1000v100L0,6z\"\/>\n<\/svg>\t\t<\/div>\n\t\t\t\t<div class=\"elementor-element elementor-element-c41983e elementor-widget elementor-widget-text-editor\" data-id=\"c41983e\" data-element_type=\"widget\" data-widget_type=\"text-editor.default\">\n\t\t\t\t\t\t\t\t\t<p><strong>Duo Beham-Goldstein<\/strong><br \/>Hagrainerstra\u00dfe 21<br \/>84028 Landshut<\/p><p><strong>Represented by:<\/strong><br \/>Johannes Beham \/ Christoph Goldstein<\/p><h2>Contact<\/h2><p>Telefon: auf Anfrage<br \/>E-Mail: musik@duo-beham-goldstein.de<\/p><h2>Verbraucher\u00adstreit\u00adbeilegung\/Universal\u00adschlichtungs\u00adstelle<\/h2><p>We are not willing or obliged to participate in dispute resolution proceedings before a consumer arbitration board.<\/p><p><strong>Disclaimer:<\/strong><br \/><br \/><strong>Liability for content<\/strong><br \/><br \/>The contents of our pages were created with the utmost care. However, we cannot guarantee the accuracy, completeness, or timeliness of the content. As a service provider, we are liable for our own contents on these pages in accordance with Section 7 (1) of the German Telemedia Act (TMG). However, according to Sections 8 to 10 of the German Telemedia Act (TMG), as a service provider we are not obligated to monitor submitted or stored third-party information or to investigate circumstances that indicate illegal activity. Legal obligations to remove information or to block the use of information remain unaffected. In this case, liability is only possible at the time of knowledge about a specific violation of law. Upon knowledge of such violations, we will remove this content immediately.<br \/><br \/><strong>Liability for links<\/strong><br \/><br \/>Our offer contains links to external third-party websites over whose content we have no influence. Therefore, we cannot accept any liability for this external content. The respective provider or operator of the pages is always responsible for the content of the linked pages. The linked pages were checked for possible legal violations at the time of linking. Illegal content was not recognizable at the time of linking. However, permanent monitoring of the content of the linked pages is not reasonable without concrete evidence of a legal violation. Upon notification of any legal violations, we will remove such links immediately.<br \/><br \/><strong>copyright<\/strong><br \/><br \/>The content and works on these pages created by the site operators are subject to German copyright law. Reproduction, processing, distribution, and any type of exploitation outside the limits of copyright law require the written consent of the respective author or creator. Downloads and copies of this site are permitted for private, non-commercial use only. To the extent that the content on this site was not created by the operator, the copyrights of third parties are respected. In particular, third-party content is marked as such. Should you nevertheless become aware of a copyright infringement, we ask you to notify us accordingly. Upon notification of any violations, we will remove such content immediately.<br \/><br \/><strong>Privacy Police<\/strong><br \/><br \/>The use of our website is generally possible without providing any personal data. If personal data (such as name, address, or email addresses) is collected on our website, this is always done on a voluntary basis, wherever possible. This data will not be passed on to third parties without your express consent.<br \/>Wir weisen darauf hin, dass die Daten\u00fcbertragung im Internet (z.B. bei der Kommunikation per E-Mail) Sicherheitsl\u00fccken aufweisen kann. Ein l\u00fcckenloser Schutz der Daten vor dem Zugriff durch Dritte ist nicht m\u00f6glich.<br \/>Der Nutzung von im Rahmen der Impressumspflicht ver\u00f6ffentlichten Kontaktdaten durch Dritte zur \u00dcbersendung von nicht ausdr\u00fccklich angeforderter Werbung und Informationsmaterialien wird hiermit ausdr\u00fccklich widersprochen. Die Betreiber der Seiten behalten sich ausdr\u00fccklich rechtliche Schritte im Falle der unverlangten Zusendung von Werbeinformationen, etwa durch Spam-Mails, vor.<\/p>\t\t\t\t\t\t\t\t<\/div>\n\t\t\t\t\t<\/div>\n\t\t\t\t<\/div>\n\t\t\t\t<\/div>","protected":false},"excerpt":{"rendered":"<p>Impressum Duo Beham-GoldsteinHagrainerstra\u00dfe 2184028 Landshut Vertreten durch:Johannes Beham \/ Christoph Goldstein Kontakt Telefon: auf AnfrageE-Mail: musik@duo-beham-goldstein.de Verbraucher\u00adstreit\u00adbeilegung\/Universal\u00adschlichtungs\u00adstelle Wir sind nicht bereit oder verpflichtet, an Streitbeilegungsverfahren vor einer Verbraucherschlichtungsstelle teilzunehmen. Haftungsausschluss: Haftung f\u00fcr Inhalte Die Inhalte unserer Seiten wurden mit gr\u00f6\u00dfter Sorgfalt erstellt. F\u00fcr die Richtigkeit, Vollst\u00e4ndigkeit und Aktualit\u00e4t der Inhalte k\u00f6nnen wir jedoch keine Gew\u00e4hr [&hellip;]<\/p>","protected":false},"author":1,"featured_media":0,"parent":0,"menu_order":0,"comment_status":"closed","ping_status":"closed","template":"","meta":{"slim_seo":{"noindex":"1","title":"Impressum - Duo Beham-Goldstein","description":"Impressum Duo Beham-Goldstein Hagrainerstra\u00dfe 21 84028 Landshut Vertreten durch: Johannes Beham \/ Christoph Goldstein Kontakt Telefon: auf Anfrage E-Mail: musik"},"footnotes":""},"class_list":["post-242","page","type-page","status-publish","hentry"],"_links":{"self":[{"href":"https:\/\/www.duo-beham-goldstein.de\/en\/wp-json\/wp\/v2\/pages\/242","targetHints":{"allow":["GET"]}}],"collection":[{"href":"https:\/\/www.duo-beham-goldstein.de\/en\/wp-json\/wp\/v2\/pages"}],"about":[{"href":"https:\/\/www.duo-beham-goldstein.de\/en\/wp-json\/wp\/v2\/types\/page"}],"author":[{"embeddable":true,"href":"https:\/\/www.duo-beham-goldstein.de\/en\/wp-json\/wp\/v2\/users\/1"}],"replies":[{"embeddable":true,"href":"https:\/\/www.duo-beham-goldstein.de\/en\/wp-json\/wp\/v2\/comments?post=242"}],"version-history":[{"count":10,"href":"https:\/\/www.duo-beham-goldstein.de\/en\/wp-json\/wp\/v2\/pages\/242\/revisions"}],"predecessor-version":[{"id":290,"href":"https:\/\/www.duo-beham-goldstein.de\/en\/wp-json\/wp\/v2\/pages\/242\/revisions\/290"}],"wp:attachment":[{"href":"https:\/\/www.duo-beham-goldstein.de\/en\/wp-json\/wp\/v2\/media?parent=242"}],"curies":[{"name":"wp","href":"https:\/\/api.w.org\/{rel}","templated":true}]}}