{"id":69,"date":"2025-07-11T23:01:13","date_gmt":"2025-07-11T21:01:13","guid":{"rendered":"http:\/\/duo-beham-goldstein.de\/?page_id=69"},"modified":"2026-02-27T11:11:43","modified_gmt":"2026-02-27T10:11:43","slug":"vita","status":"publish","type":"page","link":"https:\/\/www.duo-beham-goldstein.de\/en\/vita\/","title":{"rendered":"Vita"},"content":{"rendered":"<div data-elementor-type=\"wp-page\" data-elementor-id=\"69\" class=\"elementor elementor-69\" data-elementor-post-type=\"page\">\n\t\t\t\t<div class=\"elementor-element elementor-element-3de6661 e-flex e-con-boxed e-con e-parent\" data-id=\"3de6661\" data-element_type=\"container\" data-settings=\"{&quot;background_background&quot;:&quot;classic&quot;,&quot;shape_divider_bottom&quot;:&quot;tilt&quot;,&quot;shape_divider_top&quot;:&quot;tilt&quot;}\">\n\t\t\t\t\t<div class=\"e-con-inner\">\n\t\t\t\t<div class=\"elementor-shape elementor-shape-top\" aria-hidden=\"true\" data-negative=\"false\">\n\t\t\t<svg xmlns=\"http:\/\/www.w3.org\/2000\/svg\" viewbox=\"0 0 1000 100\" preserveaspectratio=\"none\">\n\t<path class=\"elementor-shape-fill\" d=\"M0,6V0h1000v100L0,6z\"\/>\n<\/svg>\t\t<\/div>\n\t\t\t\t<div class=\"elementor-shape elementor-shape-bottom\" aria-hidden=\"true\" data-negative=\"false\">\n\t\t\t<svg xmlns=\"http:\/\/www.w3.org\/2000\/svg\" viewbox=\"0 0 1000 100\" preserveaspectratio=\"none\">\n\t<path class=\"elementor-shape-fill\" d=\"M0,6V0h1000v100L0,6z\"\/>\n<\/svg>\t\t<\/div>\n\t\t\t\t<div class=\"elementor-element elementor-element-7750f75 elementor-widget elementor-widget-heading\" data-id=\"7750f75\" data-element_type=\"widget\" data-widget_type=\"heading.default\">\n\t\t\t\t\t<h1 class=\"elementor-heading-title elementor-size-default\">About our programs<\/h1>\t\t\t\t<\/div>\n\t\t\t\t<div class=\"elementor-element elementor-element-cd38abd elementor-widget elementor-widget-text-editor\" data-id=\"cd38abd\" data-element_type=\"widget\" data-widget_type=\"text-editor.default\">\n\t\t\t\t\t\t\t\t\t<p>Critics praise the two young musicians for their perfect ensemble, their deep, soulful sound and their varied, witty presented programs, In the 2025\/26 season Beham and Goldstein will make appearances at well known festivals like \u201eEurop\u00e4ische Wochen Passau\u201c, \u201eAmmersserenade\u201c, \u201eInternational South Bohemian Music Festival\u201d etc. but also in Schloss Nymphenburg, Rathausprunksaal Landshut, Kaisersaal des Klosters Wettenhausen, Konzertsaal der Europ\u00e4ischen Wochen Passau, Herrenhaus Bannacker (Augsburg), B\u00fcrgersaal Plattling, Kloster Metten, F\u00fcrsterzbisch\u00f6fliches Opernhaus Passau, but also in Berlin and Dresden. Concert tours have taken them to many cities in Bavaria, Baden-W\u00fcrttemberg, central and northern Germany, Poland and the Czech Republic. In summer 2024, they released a CD entitled \u201cMusikalische Zeitreise\u201d. It features works by Mozart, Schubert, Va\u0148hal, Elgar, Brahms and Saint-Sa\u00ebns. They work together with composers such as Philipp Ortmeier. They are supported by the association Initiative f\u00fcr Musik e. V. (IBAN: DE07 7435 0000 0021 5022 77).<\/p>\t\t\t\t\t\t\t\t<\/div>\n\t\t\t\t<div class=\"elementor-element elementor-element-5e519ed elementor-align-center elementor-widget elementor-widget-button\" data-id=\"5e519ed\" data-element_type=\"widget\" data-widget_type=\"button.default\">\n\t\t\t\t\t\t\t\t\t\t<a class=\"elementor-button elementor-button-link elementor-size-sm\" href=\"https:\/\/www.duo-beham-goldstein.de\/wp-content\/uploads\/2025\/08\/DuoBehamGoldstein-Repertoire.pdf\">\n\t\t\t\t\t\t<span class=\"elementor-button-content-wrapper\">\n\t\t\t\t\t\t<span class=\"elementor-button-icon\">\n\t\t\t\t<svg aria-hidden=\"true\" class=\"e-font-icon-svg e-far-file-pdf\" viewbox=\"0 0 384 512\" xmlns=\"http:\/\/www.w3.org\/2000\/svg\"><path d=\"M369.9 97.9L286 14C277 5 264.8-.1 252.1-.1H48C21.5 0 0 21.5 0 48v416c0 26.5 21.5 48 48 48h288c26.5 0 48-21.5 48-48V131.9c0-12.7-5.1-25-14.1-34zM332.1 128H256V51.9l76.1 76.1zM48 464V48h160v104c0 13.3 10.7 24 24 24h104v288H48zm250.2-143.7c-12.2-12-47-8.7-64.4-6.5-17.2-10.5-28.7-25-36.8-46.3 3.9-16.1 10.1-40.6 5.4-56-4.2-26.2-37.8-23.6-42.6-5.9-4.4 16.1-.4 38.5 7 67.1-10 23.9-24.9 56-35.4 74.4-20 10.3-47 26.2-51 46.2-3.3 15.8 26 55.2 76.1-31.2 22.4-7.4 46.8-16.5 68.4-20.1 18.9 10.2 41 17 55.8 17 25.5 0 28-28.2 17.5-38.7zm-198.1 77.8c5.1-13.7 24.5-29.5 30.4-35-19 30.3-30.4 35.7-30.4 35zm81.6-190.6c7.4 0 6.7 32.1 1.8 40.8-4.4-13.9-4.3-40.8-1.8-40.8zm-24.4 136.6c9.7-16.9 18-37 24.7-54.7 8.3 15.1 18.9 27.2 30.1 35.5-20.8 4.3-38.9 13.1-54.8 19.2zm131.6-5s-5 6-37.3-7.8c35.1-2.6 40.9 5.4 37.3 7.8z\"><\/path><\/svg>\t\t\t<\/span>\n\t\t\t\t\t\t\t\t\t<span class=\"elementor-button-text\">Excerpt from our repertoire<\/span>\n\t\t\t\t\t<\/span>\n\t\t\t\t\t<\/a>\n\t\t\t\t\t\t\t\t<\/div>\n\t\t\t\t\t<\/div>\n\t\t\t\t<\/div>\n\t\t<div class=\"elementor-element elementor-element-ce9999f e-flex e-con-boxed e-con e-parent\" data-id=\"ce9999f\" data-element_type=\"container\">\n\t\t\t\t\t<div class=\"e-con-inner\">\n\t\t<div class=\"elementor-element elementor-element-c048055 e-grid e-con-full e-con e-child\" data-id=\"c048055\" data-element_type=\"container\">\n\t\t<div class=\"elementor-element elementor-element-f1397c8 e-con-full e-flex e-con e-child\" data-id=\"f1397c8\" data-element_type=\"container\">\n\t\t\t\t<div class=\"elementor-element elementor-element-c95af27 elementor-widget elementor-widget-image\" data-id=\"c95af27\" data-element_type=\"widget\" data-widget_type=\"image.default\">\n\t\t\t\t\t\t\t\t\t\t\t\t\t\t\t<img fetchpriority=\"high\" decoding=\"async\" width=\"480\" height=\"719\" src=\"https:\/\/www.duo-beham-goldstein.de\/wp-content\/uploads\/2025\/07\/christoph-goldstein.jpg\" class=\"attachment-full size-full wp-image-103\" alt=\"Christoph goldstein\" srcset=\"https:\/\/www.duo-beham-goldstein.de\/wp-content\/uploads\/2025\/07\/christoph-goldstein.jpg 480w, https:\/\/www.duo-beham-goldstein.de\/wp-content\/uploads\/2025\/07\/christoph-goldstein-200x300.jpg 200w\" sizes=\"(max-width: 480px) 100vw, 480px\" \/>\t\t\t\t\t\t\t\t\t\t\t\t\t\t\t<\/div>\n\t\t\t\t<\/div>\n\t\t<div class=\"elementor-element elementor-element-5c27d89 e-con-full e-flex e-con e-child\" data-id=\"5c27d89\" data-element_type=\"container\">\n\t\t\t\t<div class=\"elementor-element elementor-element-95890af elementor-widget elementor-widget-heading\" data-id=\"95890af\" data-element_type=\"widget\" data-widget_type=\"heading.default\">\n\t\t\t\t\t<h2 class=\"elementor-heading-title elementor-size-default\">Christoph Goldstein<\/h2>\t\t\t\t<\/div>\n\t\t\t\t<div class=\"elementor-element elementor-element-08b4fff elementor-widget elementor-widget-text-editor\" data-id=\"08b4fff\" data-element_type=\"widget\" data-widget_type=\"text-editor.default\">\n\t\t\t\t\t\t\t\t\t<p><strong>Christoph Goldstein<\/strong> studierte Violine, Viola, Dirigieren, Musikwissenschaft und Musikp\u00e4dagogik. Mit seinem Duopartner Johannes Beham konzertiert er in ganz Deutschland und im europ\u00e4ischen Ausland. In Landshut leitet er ein Sinfonieorchester und das Niederbayerische Kammerorchester, mit dem er etwa zusammen mit seinem Duopartner Konzertreisen durch S\u00fcddeutschland unternimmt. Christoph Goldstein spielt eine Violine des Florentiner Geigenbauers Gasparo Piattellini aus dem Jahr 1765 und eine Violine des Mittenwalder Geigenbauers Georg Klotz (1687\u20131737) sowie eine Bratsche des F\u00fcssener Geigenbauers Simpert Niggel (1710\u20131785).<\/p><p>Zudem widmet sich Christoph Goldstein der Erforschung musikwissenschaftlicher und musikp\u00e4dagogischer Fragestellungen. Im November 2024 hat er an der Universit\u00e4t Regensburg eine Dissertation \u00fcber den Komponisten, Musikschriftsteller und Musikp\u00e4dagogen August Halm (1869\u20131929) mit dem Titel \u201eHalm giebt den Menschen neue Ohren. \u2013 Untersuchungen zu August Halms Biographie, Violin\u00fcbung und kompositorischem Schaffen\u201c eingereicht. Die Arbeit wird 2026 im B\u00e4renreiterverlag erscheinen. Christoph Goldstein schreibt publiziert regelm\u00e4\u00dfig in Zeitungen, z. B.Neue Musikzeitung und Fachzeitschriften, beispielsweise \u00dcben&amp;Musizieren oder Diskussion Musikp\u00e4dagogik und schreibt f\u00fcr Lexika wie Musik in Geschichte und Gegenwart.<\/p>\t\t\t\t\t\t\t\t<\/div>\n\t\t\t\t<\/div>\n\t\t\t\t<\/div>\n\t\t\t\t\t<\/div>\n\t\t\t\t<\/div>\n\t\t<div class=\"elementor-element elementor-element-cb83e1b e-flex e-con-boxed e-con e-parent\" data-id=\"cb83e1b\" data-element_type=\"container\" data-settings=\"{&quot;background_background&quot;:&quot;classic&quot;,&quot;shape_divider_top&quot;:&quot;tilt&quot;}\">\n\t\t\t\t\t<div class=\"e-con-inner\">\n\t\t\t\t<div class=\"elementor-shape elementor-shape-top\" aria-hidden=\"true\" data-negative=\"false\">\n\t\t\t<svg xmlns=\"http:\/\/www.w3.org\/2000\/svg\" viewbox=\"0 0 1000 100\" preserveaspectratio=\"none\">\n\t<path class=\"elementor-shape-fill\" d=\"M0,6V0h1000v100L0,6z\"\/>\n<\/svg>\t\t<\/div>\n\t\t<div class=\"elementor-element elementor-element-b135583 e-grid e-con-full e-con e-child\" data-id=\"b135583\" data-element_type=\"container\">\n\t\t<div class=\"elementor-element elementor-element-3284a63 e-con-full e-flex e-con e-child\" data-id=\"3284a63\" data-element_type=\"container\">\n\t\t\t\t<div class=\"elementor-element elementor-element-ce46872 elementor-widget elementor-widget-heading\" data-id=\"ce46872\" data-element_type=\"widget\" data-widget_type=\"heading.default\">\n\t\t\t\t\t<h2 class=\"elementor-heading-title elementor-size-default\">Johannes Beham<\/h2>\t\t\t\t<\/div>\n\t\t\t\t<div class=\"elementor-element elementor-element-a28ea5e elementor-widget elementor-widget-text-editor\" data-id=\"a28ea5e\" data-element_type=\"widget\" data-widget_type=\"text-editor.default\">\n\t\t\t\t\t\t\t\t\t<p><strong>Johannes Beham<\/strong> wollte bereits in seiner Kindheit nichts lieber tun, als Klavierspielen. Seinen ersten Klavierunterricht erhielt er aber erst mit 12 Jahren. Eine erste wichtige Lehrerin auf dem musikalischen Lebensweg war Sybille Ortner. Bereits drei Jahre sp\u00e4ter besuchte er die Berufsfachschule f\u00fcr Musik in Plattling, um sich auf ein Klavierstudium vorzubereiten. Neben dem Unterricht an der Berufsfachschule nahm er Klavierunterricht beim renommierten Passauer Pianisten Peter Walchsh\u00e4usl, der ihn intensiv auf die Aufnahmepr\u00fcfung f\u00fcr das Salzburger Mozarteum vorbereitete. Dort studierte Johannes Beham, bis er an das Pilsener Konservatorium in die Klavierklasse des Direktors Miroslav Brejcha wechselte, wof\u00fcr er innerhalb weniger Monate tschechisch lernte. Nach dem Studium fand er den Weg zu einem ausgesprochen wichtigen Mentor, dem Pianisten Christoph Schmid. Neben der Musik liebt Johannes Beham Sprachen: Au\u00dfer deutsch, englisch und tschechisch spricht er flie\u00dfend spanisch und franz\u00f6sisch, was die rege Konzertt\u00e4tigkeit, die er ab 2021 gemeinsam mit seinem Duopartner Christoph Goldstein entfaltete \u00fcberaus erleichtert, denn neben Konzerten im deutschsprachigen Raum konzertieren sie auch im benachbarten und europ\u00e4ischen Ausland und bei bekannten Festivals wie den Europ\u00e4ischen Wochen Passau, der AMMERSEErenade oder dem Internationalen S\u00fcdb\u00f6hmischen Musikfestival. Zudem ist Johannes Beham als Chorleiter und Organist t\u00e4tig. Auch das soziale Engagement liegt ihm besonders am Herzen. Gemeinsam mit seinem Duopartner gibt er regelm\u00e4\u00dfig Benefizkonzerte f\u00fcr Organisationen wie das Kinderpalliativteam Niederbayern oder den Maltesern e.V., zudem konzertieren sie unter Tr\u00e4gerschaft der Europ\u00e4ischen Wochen Passau in sozialen Einrichtungen und bringen das Format Klassik unterwegs in Seniorenheime und Kliniken.<\/p>\t\t\t\t\t\t\t\t<\/div>\n\t\t\t\t<\/div>\n\t\t<div class=\"elementor-element elementor-element-6b92305 e-con-full e-flex e-con e-child\" data-id=\"6b92305\" data-element_type=\"container\">\n\t\t\t\t<div class=\"elementor-element elementor-element-96e5c6a elementor-widget elementor-widget-image\" data-id=\"96e5c6a\" data-element_type=\"widget\" data-widget_type=\"image.default\">\n\t\t\t\t\t\t\t\t\t\t\t\t\t\t\t<img decoding=\"async\" width=\"1335\" height=\"2000\" src=\"https:\/\/www.duo-beham-goldstein.de\/wp-content\/uploads\/2025\/07\/foto09.jpg\" class=\"attachment-full size-full wp-image-171\" alt=\"Foto09\" srcset=\"https:\/\/www.duo-beham-goldstein.de\/wp-content\/uploads\/2025\/07\/foto09.jpg 1335w, https:\/\/www.duo-beham-goldstein.de\/wp-content\/uploads\/2025\/07\/foto09-200x300.jpg 200w, https:\/\/www.duo-beham-goldstein.de\/wp-content\/uploads\/2025\/07\/foto09-684x1024.jpg 684w, https:\/\/www.duo-beham-goldstein.de\/wp-content\/uploads\/2025\/07\/foto09-768x1151.jpg 768w, https:\/\/www.duo-beham-goldstein.de\/wp-content\/uploads\/2025\/07\/foto09-1025x1536.jpg 1025w\" sizes=\"(max-width: 1335px) 100vw, 1335px\" \/>\t\t\t\t\t\t\t\t\t\t\t\t\t\t\t<\/div>\n\t\t\t\t<\/div>\n\t\t\t\t<\/div>\n\t\t\t\t\t<\/div>\n\t\t\t\t<\/div>\n\t\t<div class=\"elementor-element elementor-element-3033f31 e-flex e-con-boxed e-con e-parent\" data-id=\"3033f31\" data-element_type=\"container\" data-settings=\"{&quot;background_background&quot;:&quot;classic&quot;,&quot;shape_divider_top&quot;:&quot;tilt&quot;,&quot;shape_divider_bottom&quot;:&quot;tilt&quot;}\">\n\t\t\t\t\t<div class=\"e-con-inner\">\n\t\t\t\t<div class=\"elementor-shape elementor-shape-top\" aria-hidden=\"true\" data-negative=\"false\">\n\t\t\t<svg xmlns=\"http:\/\/www.w3.org\/2000\/svg\" viewbox=\"0 0 1000 100\" preserveaspectratio=\"none\">\n\t<path class=\"elementor-shape-fill\" d=\"M0,6V0h1000v100L0,6z\"\/>\n<\/svg>\t\t<\/div>\n\t\t\t\t<div class=\"elementor-shape elementor-shape-bottom\" aria-hidden=\"true\" data-negative=\"false\">\n\t\t\t<svg xmlns=\"http:\/\/www.w3.org\/2000\/svg\" viewbox=\"0 0 1000 100\" preserveaspectratio=\"none\">\n\t<path class=\"elementor-shape-fill\" d=\"M0,6V0h1000v100L0,6z\"\/>\n<\/svg>\t\t<\/div>\n\t\t\t\t<div class=\"elementor-element elementor-element-4ecdf5b elementor-widget elementor-widget-heading\" data-id=\"4ecdf5b\" data-element_type=\"widget\" data-widget_type=\"heading.default\">\n\t\t\t\t\t<h1 class=\"elementor-heading-title elementor-size-default\">Contact us<\/h1>\t\t\t\t<\/div>\n\t\t\t\t<div class=\"elementor-element elementor-element-8f24857 elementor-button-align-stretch elementor-widget elementor-widget-form\" data-id=\"8f24857\" data-element_type=\"widget\" data-settings=\"{&quot;step_next_label&quot;:&quot;N\\u00e4chster&quot;,&quot;step_previous_label&quot;:&quot;Voriger&quot;,&quot;button_width&quot;:&quot;100&quot;,&quot;step_type&quot;:&quot;number_text&quot;,&quot;step_icon_shape&quot;:&quot;circle&quot;}\" data-widget_type=\"form.default\">\n\t\t\t\t\t\t\t<form class=\"elementor-form\" method=\"post\" name=\"Neues Formular\" aria-label=\"Neues Formular\" action=\"\">\n\t\t\t<input type=\"hidden\" name=\"post_id\" value=\"69\"\/>\n\t\t\t<input type=\"hidden\" name=\"form_id\" value=\"8f24857\"\/>\n\t\t\t<input type=\"hidden\" name=\"referer_title\" value=\"Vita\" \/>\n\n\t\t\t\t\t\t\t<input type=\"hidden\" name=\"queried_id\" value=\"69\"\/>\n\t\t\t\n\t\t\t<div class=\"elementor-form-fields-wrapper elementor-labels-\">\n\t\t\t\t\t\t\t\t<div class=\"elementor-field-type-text elementor-field-group elementor-column elementor-field-group-name elementor-col-100\">\n\t\t\t\t\t\t\t\t\t\t\t\t<label for=\"form-field-name\" class=\"elementor-field-label elementor-screen-only\">\n\t\t\t\t\t\t\t\tName\t\t\t\t\t\t\t<\/label>\n\t\t\t\t\t\t\t\t\t\t\t\t\t\t<input size=\"1\" type=\"text\" name=\"form_fields[name]\" id=\"form-field-name\" class=\"elementor-field elementor-size-sm  elementor-field-textual\" placeholder=\"Name\">\n\t\t\t\t\t\t\t\t\t\t\t<\/div>\n\t\t\t\t\t\t\t\t<div class=\"elementor-field-type-email elementor-field-group elementor-column elementor-field-group-email elementor-col-100 elementor-field-required\">\n\t\t\t\t\t\t\t\t\t\t\t\t<label for=\"form-field-email\" class=\"elementor-field-label elementor-screen-only\">\n\t\t\t\t\t\t\t\tE-Mail\t\t\t\t\t\t\t<\/label>\n\t\t\t\t\t\t\t\t\t\t\t\t\t\t<input size=\"1\" type=\"email\" name=\"form_fields[email]\" id=\"form-field-email\" class=\"elementor-field elementor-size-sm  elementor-field-textual\" placeholder=\"E-Mail\" required=\"required\">\n\t\t\t\t\t\t\t\t\t\t\t<\/div>\n\t\t\t\t\t\t\t\t<div class=\"elementor-field-type-textarea elementor-field-group elementor-column elementor-field-group-message elementor-col-100\">\n\t\t\t\t\t\t\t\t\t\t\t\t<label for=\"form-field-message\" class=\"elementor-field-label elementor-screen-only\">\n\t\t\t\t\t\t\t\tMessage\t\t\t\t\t\t\t<\/label>\n\t\t\t\t\t\t<textarea class=\"elementor-field-textual elementor-field  elementor-size-sm\" name=\"form_fields[message]\" id=\"form-field-message\" rows=\"4\" placeholder=\"Message\"><\/textarea>\t\t\t\t<\/div>\n\t\t\t\t\t\t\t\t<div class=\"elementor-field-type-acceptance elementor-field-group elementor-column elementor-field-group-field_7ca312f elementor-col-100\">\n\t\t\t\t\t\t\t<div class=\"elementor-field-subgroup\">\n\t\t\t<span class=\"elementor-field-option\">\n\t\t\t\t<input type=\"checkbox\" name=\"form_fields[field_7ca312f]\" id=\"form-field-field_7ca312f\" class=\"elementor-field elementor-size-sm  elementor-acceptance-field\">\n\t\t\t\t<label for=\"form-field-field_7ca312f\">I consent to the storage and processing of this data for the purpose of contacting me. I understand that I can revoke my consent at any time.*\nPlease fill out all required fields.<\/label>\t\t\t<\/span>\n\t\t<\/div>\n\t\t\t\t\t\t<\/div>\n\t\t\t\t\t\t\t\t<div class=\"elementor-field-group elementor-column elementor-field-type-submit elementor-col-100 e-form__buttons\">\n\t\t\t\t\t<button class=\"elementor-button elementor-size-sm\" type=\"submit\">\n\t\t\t\t\t\t<span class=\"elementor-button-content-wrapper\">\n\t\t\t\t\t\t\t\t\t\t\t\t\t\t\t\t\t\t\t\t\t\t<span class=\"elementor-button-text\">Submit form<\/span>\n\t\t\t\t\t\t\t\t\t\t\t\t\t<\/span>\n\t\t\t\t\t<\/button>\n\t\t\t\t<\/div>\n\t\t\t<\/div>\n\t\t<input type=\"hidden\" name=\"trp-form-language\" value=\"en\"\/><\/form>\n\t\t\t\t\t\t<\/div>\n\t\t\t\t\t<\/div>\n\t\t\t\t<\/div>\n\t\t\t\t<\/div>","protected":false},"excerpt":{"rendered":"<p>\u00dcber unsere Programme In ihren Konzerten spielen Christoph Goldstein und Johannes Beham die Musik, gro\u00dfer bekannter Komponisten, nehmen aber auch viele unbekannte Sch\u00e4tze aus der riesigen Literatur f\u00fcr Violine bzw. Viola und Klavier in ihre Programme auf: etwa die Sonate f\u00fcr Viola und Klavier des \u201etschechischen Mozarts\u201c Jan K\u0159titel Va\u0148hal (1739-1813) oder die Bratschensonate des [&hellip;]<\/p>","protected":false},"author":1,"featured_media":0,"parent":0,"menu_order":0,"comment_status":"closed","ping_status":"closed","template":"","meta":{"slim_seo":{"title":"Vita - Duo Beham-Goldstein","description":"\u00dcber unsere Programme In ihren Konzerten spielen Christoph Goldstein und Johannes Beham die Musik, gro\u00dfer bekannter Komponisten, nehmen aber auch viele unbekann"},"footnotes":""},"class_list":["post-69","page","type-page","status-publish","hentry"],"_links":{"self":[{"href":"https:\/\/www.duo-beham-goldstein.de\/en\/wp-json\/wp\/v2\/pages\/69","targetHints":{"allow":["GET"]}}],"collection":[{"href":"https:\/\/www.duo-beham-goldstein.de\/en\/wp-json\/wp\/v2\/pages"}],"about":[{"href":"https:\/\/www.duo-beham-goldstein.de\/en\/wp-json\/wp\/v2\/types\/page"}],"author":[{"embeddable":true,"href":"https:\/\/www.duo-beham-goldstein.de\/en\/wp-json\/wp\/v2\/users\/1"}],"replies":[{"embeddable":true,"href":"https:\/\/www.duo-beham-goldstein.de\/en\/wp-json\/wp\/v2\/comments?post=69"}],"version-history":[{"count":10,"href":"https:\/\/www.duo-beham-goldstein.de\/en\/wp-json\/wp\/v2\/pages\/69\/revisions"}],"predecessor-version":[{"id":781,"href":"https:\/\/www.duo-beham-goldstein.de\/en\/wp-json\/wp\/v2\/pages\/69\/revisions\/781"}],"wp:attachment":[{"href":"https:\/\/www.duo-beham-goldstein.de\/en\/wp-json\/wp\/v2\/media?parent=69"}],"curies":[{"name":"wp","href":"https:\/\/api.w.org\/{rel}","templated":true}]}}